{"id":1017,"date":"2012-10-25T09:31:47","date_gmt":"2012-10-25T08:31:47","guid":{"rendered":"https:\/\/www.smpbaudry.com\/accueil.html"},"modified":"2018-05-24T09:42:56","modified_gmt":"2018-05-24T08:42:56","slug":"accueil","status":"publish","type":"page","link":"https:\/\/www.smpbaudry.com\/de","title":{"rendered":"Accueil De"},"content":{"rendered":"<p class=\"titre\">L&#8217;entreprise S.M.P. BAUDRY, vous pr\u00e9sente ses comp\u00e9tences :<\/p>\n<table style=\"width: 100%;\" border=\"0\">\n<tbody>\n<tr>\n<td style=\"width: 50%;\" valign=\"top\"><img loading=\"lazy\" decoding=\"async\" class=\"aligncenter size-full wp-image-55\" title=\"SMP Baudry\" src=\"https:\/\/www.smpbaudry.com\/wp-content\/uploads\/2012\/10\/smp-baudry.jpg\" alt=\"SMP Baudry\" width=\"269\" height=\"120\"><\/p>\n<p style=\"text-align: left;\">Nous mettons au service de notre client\u00e8le notre savoir-faire, notre dynamisme et notre personnel comp\u00e9tent travaillant sur des machines performantes :<\/p>\n<ul>\n<li>Superficie couverte de 1 700 m\u00b2<\/li>\n<li>Parc de 50 machines performantes<\/li>\n<li>Une \u00e9quipe de&nbsp;40 personnes en 2&#215;8<\/li>\n<li>Chiffre d\u2019affaires de&nbsp;3,2 M\u20ac (2014)<\/li>\n<li>ISO 9001 (Certificat N\u00b01995\/3502e)<\/li>\n<li>EN 9100 (Certificat N\u00b02015\/67243.1)<\/li>\n<\/ul>\n<\/td>\n<td valign=\"top\"><img loading=\"lazy\" decoding=\"async\" class=\"aligncenter wp-image-926 \" style=\"font-size: 24px;\" src=\"https:\/\/www.smpbaudry.com\/wp-content\/uploads\/2017\/09\/H_4-Copie-1024x576.jpg\" alt=\"\" width=\"262\" height=\"147\" srcset=\"https:\/\/www.smpbaudry.com\/wp-content\/uploads\/2017\/09\/H_4-Copie-1024x576.jpg 1024w, https:\/\/www.smpbaudry.com\/wp-content\/uploads\/2017\/09\/H_4-Copie-300x169.jpg 300w, https:\/\/www.smpbaudry.com\/wp-content\/uploads\/2017\/09\/H_4-Copie-768x432.jpg 768w\" sizes=\"auto, (max-width: 262px) 100vw, 262px\" \/><\/p>\n<p>Nous r\u00e9alisons des ensembles m\u00e9caniques pour de nombreux secteurs comme :<\/p>\n<ul>\n<li>A\u00e9ronautique<\/li>\n<li>P\u00e9trole<\/li>\n<li>Automobile<\/li>\n<li>Nucl\u00e9aire<\/li>\n<li>Agro-alimentaire<\/li>\n<li>Luxe<\/li>\n<li>Industrie<\/li>\n<\/ul>\n<\/td>\n<\/tr>\n<\/tbody>\n<\/table>\n<p style=\"text-align: center;\"><span style=\"color: #ffffff;\"><strong><span style=\"font-size: 18pt;\">FABRICATIONS UNITAIRES<br \/>\n<\/span><span style=\"font-size: 18pt;\">PETITES SERIES&nbsp;PIECES AVIONNABLES<\/span><\/strong><\/span><\/p>\n","protected":false},"excerpt":{"rendered":"<p>L&#8217;entreprise S.M.P. BAUDRY, vous pr\u00e9sente ses comp\u00e9tences : Nous mettons au service de notre client\u00e8le notre savoir-faire, notre dynamisme et notre personnel comp\u00e9tent travaillant sur des machines performantes : Superficie couverte de 1 700 m\u00b2 Parc de 50 machines performantes Une \u00e9quipe de&nbsp;40 personnes en 2&#215;8 Chiffre d\u2019affaires de&nbsp;3,2 M\u20ac (2014) ISO 9001 (Certificat N\u00b01995\/3502e) [&hellip;]<\/p>\n","protected":false},"author":1,"featured_media":0,"parent":0,"menu_order":0,"comment_status":"open","ping_status":"closed","template":"","meta":{"ngg_post_thumbnail":0,"footnotes":""},"class_list":["post-1017","page","type-page","status-publish","hentry"],"_links":{"self":[{"href":"https:\/\/www.smpbaudry.com\/de\/wp-json\/wp\/v2\/pages\/1017","targetHints":{"allow":["GET"]}}],"collection":[{"href":"https:\/\/www.smpbaudry.com\/de\/wp-json\/wp\/v2\/pages"}],"about":[{"href":"https:\/\/www.smpbaudry.com\/de\/wp-json\/wp\/v2\/types\/page"}],"author":[{"embeddable":true,"href":"https:\/\/www.smpbaudry.com\/de\/wp-json\/wp\/v2\/users\/1"}],"replies":[{"embeddable":true,"href":"https:\/\/www.smpbaudry.com\/de\/wp-json\/wp\/v2\/comments?post=1017"}],"version-history":[{"count":2,"href":"https:\/\/www.smpbaudry.com\/de\/wp-json\/wp\/v2\/pages\/1017\/revisions"}],"predecessor-version":[{"id":1069,"href":"https:\/\/www.smpbaudry.com\/de\/wp-json\/wp\/v2\/pages\/1017\/revisions\/1069"}],"wp:attachment":[{"href":"https:\/\/www.smpbaudry.com\/de\/wp-json\/wp\/v2\/media?parent=1017"}],"curies":[{"name":"wp","href":"https:\/\/api.w.org\/{rel}","templated":true}]}}