{"id":1015,"date":"2012-10-25T10:54:04","date_gmt":"2012-10-25T09:54:04","guid":{"rendered":"https:\/\/www.smpbaudry.com\/acces-contact.html"},"modified":"2018-05-24T09:01:13","modified_gmt":"2018-05-24T08:01:13","slug":"zugang-kontakt","status":"publish","type":"page","link":"https:\/\/www.smpbaudry.com\/de\/zugang-kontakt","title":{"rendered":"Zugang \/ Kontakt"},"content":{"rendered":"<h1>Zugang &amp; Kontact<\/h1>\n<p>Son implantation au c\u0153ur d\u2019une r\u00e9gion dynamique, performante et fortement industrialis\u00e9e permet \u00e0 SMP BAUDRY d\u2019\u00eatre r\u00e9active et comp\u00e9titive.<\/p>\n<p>[contact-form-7 id=&#8220;1027&#8243; title=&#8220;Contact allemand&#8220;]<\/p>\n<p><iframe loading=\"lazy\" src=\"https:\/\/maps.google.fr\/maps?f=q&amp;source=embed&amp;hl=fr&amp;geocode=&amp;q=SMP+Baudry+Sa,+Rue+Jean+Fran%C3%A7ois+Cail&amp;aq=0&amp;oq=S.M.P+baudry&amp;sll=46.75984,1.738281&amp;sspn=12.300234,33.815918&amp;t=h&amp;ie=UTF8&amp;hq=SMP+Baudry+Sa,+Rue+Jean+Fran%C3%A7ois+Cail&amp;hnear=&amp;cid=4466172066268481014&amp;ll=46.477473,-1.169014&amp;spn=0.020687,0.042057&amp;z=14&amp;iwloc=A&amp;output=embed\" marginwidth=\"0\" marginheight=\"0\" scrolling=\"no\" width=\"490\" height=\"350\" frameborder=\"0\"><\/iframe><br \/>\n<small><a style=\"color: #ffffff; text-align: left;\" href=\"https:\/\/maps.google.fr\/maps?f=q&amp;source=embed&amp;hl=fr&amp;geocode=&amp;q=SMP+Baudry+Sa,+Rue+Jean+Fran%C3%A7ois+Cail&amp;aq=0&amp;oq=S.M.P+baudry&amp;sll=46.75984,1.738281&amp;sspn=12.300234,33.815918&amp;t=h&amp;ie=UTF8&amp;hq=SMP+Baudry+Sa,+Rue+Jean+Fran%C3%A7ois+Cail&amp;hnear=&amp;cid=4466172066268481014&amp;ll=46.477473,-1.169014&amp;spn=0.020687,0.042057&amp;z=14&amp;iwloc=A\">Agrandir le plan<\/a><\/small><\/p>\n<div class=\"clearer\">&nbsp;<\/div>\n","protected":false},"excerpt":{"rendered":"<p>Zugang &amp; Kontact Son implantation au c\u0153ur d\u2019une r\u00e9gion dynamique, performante et fortement industrialis\u00e9e permet \u00e0 SMP BAUDRY d\u2019\u00eatre r\u00e9active et comp\u00e9titive. [contact-form-7 id=&#8220;1027&#8243; title=&#8220;Contact allemand&#8220;] Agrandir le plan &nbsp;<\/p>\n","protected":false},"author":1,"featured_media":0,"parent":0,"menu_order":0,"comment_status":"open","ping_status":"closed","template":"","meta":{"ngg_post_thumbnail":0,"footnotes":""},"class_list":["post-1015","page","type-page","status-publish","hentry"],"_links":{"self":[{"href":"https:\/\/www.smpbaudry.com\/de\/wp-json\/wp\/v2\/pages\/1015","targetHints":{"allow":["GET"]}}],"collection":[{"href":"https:\/\/www.smpbaudry.com\/de\/wp-json\/wp\/v2\/pages"}],"about":[{"href":"https:\/\/www.smpbaudry.com\/de\/wp-json\/wp\/v2\/types\/page"}],"author":[{"embeddable":true,"href":"https:\/\/www.smpbaudry.com\/de\/wp-json\/wp\/v2\/users\/1"}],"replies":[{"embeddable":true,"href":"https:\/\/www.smpbaudry.com\/de\/wp-json\/wp\/v2\/comments?post=1015"}],"version-history":[{"count":2,"href":"https:\/\/www.smpbaudry.com\/de\/wp-json\/wp\/v2\/pages\/1015\/revisions"}],"predecessor-version":[{"id":1028,"href":"https:\/\/www.smpbaudry.com\/de\/wp-json\/wp\/v2\/pages\/1015\/revisions\/1028"}],"wp:attachment":[{"href":"https:\/\/www.smpbaudry.com\/de\/wp-json\/wp\/v2\/media?parent=1015"}],"curies":[{"name":"wp","href":"https:\/\/api.w.org\/{rel}","templated":true}]}}