{"id":1013,"date":"2012-10-25T10:53:31","date_gmt":"2012-10-25T09:53:31","guid":{"rendered":"https:\/\/www.smpbaudry.com\/nos-partenaires.html"},"modified":"2018-05-24T08:44:57","modified_gmt":"2018-05-24T07:44:57","slug":"downloads","status":"publish","type":"page","link":"https:\/\/www.smpbaudry.com\/de\/downloads","title":{"rendered":"Downloads"},"content":{"rendered":"<h1>Partenaires<\/h1>\n<p><img loading=\"lazy\" decoding=\"async\" class=\"alignright wp-image-181\" title=\"M\u00e9canique de pr\u00e9cision\" src=\"https:\/\/www.smpbaudry.com\/wp-content\/uploads\/2012\/10\/20120915_115025-e1351852732744.jpg\" alt=\"\" width=\"263\" height=\"197\"><\/p>\n<p>Pour vos fabrications de pr\u00e9cision, nos comp\u00e9tences \u00e9largies vous assurent des ensembles fabriqu\u00e9s, mont\u00e9s, contr\u00f4l\u00e9s et test\u00e9s fonctionnellement.<\/p>\n<p>La gestion au plus juste de nos moyens de production est une pr\u00e9occupation de premier ordre pour SMP BAUDRY. En am\u00e9lioration continue, nous venons de compl\u00e9ter notre ERP par un syst\u00e8me de gestion Hommes\/Machines \u00e0 capacit\u00e9 finie.<br \/>\nNotre r\u00e9activit\u00e9 nous permet de r\u00e9pondre aux exigences techniques des grands groupes Fran\u00e7ais et Europ\u00e9ens et de r\u00e9aliser des ensembles complexes avec des pr\u00e9cisions dimensionnelles finales au 0.01 et inf\u00e9rieurs au 0.01 pour des tol\u00e9rances g\u00e9om\u00e9triques.<\/p>\n<h1>Utilitaires<\/h1>\n<p><a href=\"https:\/\/www.smpbaudry.com\/wp-content\/uploads\/2013\/03\/Doc_SMPBAUDRY.pdf\" target=\"_blank\" rel=\"noopener\">\u2192&nbsp;T\u00e9l\u00e9charger la plaquette SMP BAUDRY<\/a><\/p>\n<p><a href=\"https:\/\/www.smpbaudry.com\/wp-content\/uploads\/2017\/09\/DQ44I-ListeMachineSMPBAUDRY.pdf\">\u2192&nbsp;T\u00e9l\u00e9charger la liste des machines<\/a><\/p>\n<p><a style=\"font-size: 13px;\" title=\"Conditions g\u00e9n\u00e9rales de vente SMP BAUDRY\" href=\"https:\/\/www.smpbaudry.com\/wp-content\/uploads\/2013\/03\/CGV_SMPBAUDRY.pdf\" target=\"_blank\" rel=\"noopener\">\u2192&nbsp;T\u00e9l\u00e9charger nos conditions de vente<\/a><\/p>\n<p><a style=\"font-size: 13px;\" title=\"Conditions g\u00e9n\u00e9rales de vente SMP BAUDRY\" href=\"https:\/\/www.smpbaudry.com\/wp-content\/uploads\/2014\/09\/DQ156-CGA_SMPBAUDRY.pdf\" target=\"_blank\" rel=\"noopener\">\u2192&nbsp;T\u00e9l\u00e9charger nos conditions d&#8217;achats<\/a><\/p>\n<p><a style=\"font-size: 13px;\" title=\"Certificat ISO 9001 SMP BAUDRY\" href=\"https:\/\/www.smpbaudry.com\/wp-content\/uploads\/2015\/06\/Certificat-ISO-9001-SMP-BAUDRY.pdf\" target=\"_blank\" rel=\"noopener\">\u2192&nbsp;T\u00e9l\u00e9charger notre certificat ISO9001<\/a><\/p>\n<p><a style=\"font-size: 13px;\" title=\"Certificat EN 9100 SMP BAUDRY\" href=\"https:\/\/www.smpbaudry.com\/wp-content\/uploads\/2015\/06\/Certificat-EN-9100-SMP-BAUDRY.pdf\" target=\"_blank\" rel=\"noopener\">\u2192&nbsp;T\u00e9l\u00e9charger notre certificat EN 9100<\/a><\/p>\n<p><a title=\"Nouveaut\u00e9s 2015\" href=\"https:\/\/www.smpbaudry.com\/wp-content\/uploads\/2015\/04\/Nouveautes2015_SMPBAUDRY.pdf\" target=\"_blank\" rel=\"noopener\">\u2192&nbsp;T\u00e9l\u00e9charger notre actualit\u00e9 &#8222;Nouveaut\u00e9 2015&#8220;<\/a><\/p>\n<p>&nbsp;<\/p>\n<p>&nbsp;<\/p>\n","protected":false},"excerpt":{"rendered":"<p>Partenaires Pour vos fabrications de pr\u00e9cision, nos comp\u00e9tences \u00e9largies vous assurent des ensembles fabriqu\u00e9s, mont\u00e9s, contr\u00f4l\u00e9s et test\u00e9s fonctionnellement. La gestion au plus juste de nos moyens de production est une pr\u00e9occupation de premier ordre pour SMP BAUDRY. En am\u00e9lioration continue, nous venons de compl\u00e9ter notre ERP par un syst\u00e8me de gestion Hommes\/Machines \u00e0 capacit\u00e9 [&hellip;]<\/p>\n","protected":false},"author":1,"featured_media":0,"parent":0,"menu_order":0,"comment_status":"open","ping_status":"closed","template":"","meta":{"ngg_post_thumbnail":0,"footnotes":""},"class_list":["post-1013","page","type-page","status-publish","hentry"],"_links":{"self":[{"href":"https:\/\/www.smpbaudry.com\/de\/wp-json\/wp\/v2\/pages\/1013","targetHints":{"allow":["GET"]}}],"collection":[{"href":"https:\/\/www.smpbaudry.com\/de\/wp-json\/wp\/v2\/pages"}],"about":[{"href":"https:\/\/www.smpbaudry.com\/de\/wp-json\/wp\/v2\/types\/page"}],"author":[{"embeddable":true,"href":"https:\/\/www.smpbaudry.com\/de\/wp-json\/wp\/v2\/users\/1"}],"replies":[{"embeddable":true,"href":"https:\/\/www.smpbaudry.com\/de\/wp-json\/wp\/v2\/comments?post=1013"}],"version-history":[{"count":1,"href":"https:\/\/www.smpbaudry.com\/de\/wp-json\/wp\/v2\/pages\/1013\/revisions"}],"predecessor-version":[{"id":1014,"href":"https:\/\/www.smpbaudry.com\/de\/wp-json\/wp\/v2\/pages\/1013\/revisions\/1014"}],"wp:attachment":[{"href":"https:\/\/www.smpbaudry.com\/de\/wp-json\/wp\/v2\/media?parent=1013"}],"curies":[{"name":"wp","href":"https:\/\/api.w.org\/{rel}","templated":true}]}}